{"id":930,"date":"2016-11-26T14:26:12","date_gmt":"2016-11-26T14:26:12","guid":{"rendered":"http:\/\/barboratellinger.com\/?page_id=930"},"modified":"2021-03-24T21:11:26","modified_gmt":"2021-03-24T20:11:26","slug":"voice-over-reel","status":"publish","type":"page","link":"https:\/\/barboratellinger.com\/cs\/voice-over-reel\/","title":{"rendered":"Koment\u00e1\u0159"},"content":{"rendered":"<p>Poslechn\u011bte si pros\u00edm n\u00e1sleduj\u00edc\u00ed uk\u00e1zky hlasu a kontaktujte Barboru prost\u0159ednictv\u00edm kontaktn\u00edho formul\u00e1\u0159e n\u00ed\u017ee.<\/p>\n<p>Angli\u010dtina Pravideln\u00e9:<\/p>\n<audio class=\"wp-audio-shortcode\" id=\"audio-930-1\" preload=\"none\" style=\"width: 100%;\" controls=\"controls\"><source type=\"audio\/mpeg\" src=\"https:\/\/barboratellinger.com\/wp-content\/uploads\/2016\/11\/Barbora-English-Regular.mp3?_=1\" \/><a href=\"https:\/\/barboratellinger.com\/wp-content\/uploads\/2016\/11\/Barbora-English-Regular.mp3\">https:\/\/barboratellinger.com\/wp-content\/uploads\/2016\/11\/Barbora-English-Regular.mp3<\/a><\/audio>\n<p>Anglick\u00e1 konverzace:<\/p>\n<audio class=\"wp-audio-shortcode\" id=\"audio-930-2\" preload=\"none\" style=\"width: 100%;\" controls=\"controls\"><source type=\"audio\/mpeg\" src=\"https:\/\/barboratellinger.com\/wp-content\/uploads\/2016\/11\/Barbora-English-Conversational.mp3?_=2\" \/><a href=\"https:\/\/barboratellinger.com\/wp-content\/uploads\/2016\/11\/Barbora-English-Conversational.mp3\">https:\/\/barboratellinger.com\/wp-content\/uploads\/2016\/11\/Barbora-English-Conversational.mp3<\/a><\/audio>\n<p>Anglicky Hard Sell:<\/p>\n<audio class=\"wp-audio-shortcode\" id=\"audio-930-3\" preload=\"none\" style=\"width: 100%;\" controls=\"controls\"><source type=\"audio\/mpeg\" src=\"https:\/\/barboratellinger.com\/wp-content\/uploads\/2016\/11\/Barbora-English-Hard-Sell.mp3?_=3\" \/><a href=\"https:\/\/barboratellinger.com\/wp-content\/uploads\/2016\/11\/Barbora-English-Hard-Sell.mp3\">https:\/\/barboratellinger.com\/wp-content\/uploads\/2016\/11\/Barbora-English-Hard-Sell.mp3<\/a><\/audio>\n<p>Anglicky:<\/p>\n<audio class=\"wp-audio-shortcode\" id=\"audio-930-4\" preload=\"none\" style=\"width: 100%;\" controls=\"controls\"><source type=\"audio\/mpeg\" src=\"https:\/\/barboratellinger.com\/wp-content\/uploads\/2016\/11\/Barbora-English.mp3?_=4\" \/><a href=\"https:\/\/barboratellinger.com\/wp-content\/uploads\/2016\/11\/Barbora-English.mp3\">https:\/\/barboratellinger.com\/wp-content\/uploads\/2016\/11\/Barbora-English.mp3<\/a><\/audio>\n<p>Afrik\u00e1n\u0161tiny Soft Sell:<\/p>\n<audio class=\"wp-audio-shortcode\" id=\"audio-930-5\" preload=\"none\" style=\"width: 100%;\" controls=\"controls\"><source type=\"audio\/mpeg\" src=\"https:\/\/barboratellinger.com\/wp-content\/uploads\/2016\/11\/Barbora-Afrikaans-Soft-Sell.mp3?_=5\" \/><a href=\"https:\/\/barboratellinger.com\/wp-content\/uploads\/2016\/11\/Barbora-Afrikaans-Soft-Sell.mp3\">https:\/\/barboratellinger.com\/wp-content\/uploads\/2016\/11\/Barbora-Afrikaans-Soft-Sell.mp3<\/a><\/audio>\n<p>Afrik\u00e1n\u0161tiny Hard Sell<\/p>\n<audio class=\"wp-audio-shortcode\" id=\"audio-930-6\" preload=\"none\" style=\"width: 100%;\" controls=\"controls\"><source type=\"audio\/mpeg\" src=\"https:\/\/barboratellinger.com\/wp-content\/uploads\/2016\/11\/Barbora-Afrikaans.mp3?_=6\" \/><a href=\"https:\/\/barboratellinger.com\/wp-content\/uploads\/2016\/11\/Barbora-Afrikaans.mp3\">https:\/\/barboratellinger.com\/wp-content\/uploads\/2016\/11\/Barbora-Afrikaans.mp3<\/a><\/audio>\n<p>Rusky\/Australsky<\/p>\n<audio class=\"wp-audio-shortcode\" id=\"audio-930-7\" preload=\"none\" style=\"width: 100%;\" controls=\"controls\"><source type=\"audio\/mpeg\" src=\"https:\/\/barboratellinger.com\/wp-content\/uploads\/2016\/11\/Barbora-Russian-Australian.mp3?_=7\" \/><a href=\"https:\/\/barboratellinger.com\/wp-content\/uploads\/2016\/11\/Barbora-Russian-Australian.mp3\">https:\/\/barboratellinger.com\/wp-content\/uploads\/2016\/11\/Barbora-Russian-Australian.mp3<\/a><\/audio>\n<p>Kelloggs<\/p>\n<audio class=\"wp-audio-shortcode\" id=\"audio-930-8\" preload=\"none\" style=\"width: 100%;\" controls=\"controls\"><source type=\"audio\/mpeg\" src=\"https:\/\/barboratellinger.com\/wp-content\/uploads\/2016\/11\/Barbora-Kellogs.mp3?_=8\" \/><a href=\"https:\/\/barboratellinger.com\/wp-content\/uploads\/2016\/11\/Barbora-Kellogs.mp3\">https:\/\/barboratellinger.com\/wp-content\/uploads\/2016\/11\/Barbora-Kellogs.mp3<\/a><\/audio>\n<p>Francouzsky\/Americky<\/p>\n<audio class=\"wp-audio-shortcode\" id=\"audio-930-9\" preload=\"none\" style=\"width: 100%;\" controls=\"controls\"><source type=\"audio\/mpeg\" src=\"https:\/\/barboratellinger.com\/wp-content\/uploads\/2016\/11\/Barbora-French_American.mp3?_=9\" \/><a href=\"https:\/\/barboratellinger.com\/wp-content\/uploads\/2016\/11\/Barbora-French_American.mp3\">https:\/\/barboratellinger.com\/wp-content\/uploads\/2016\/11\/Barbora-French_American.mp3<\/a><\/audio>\n<p>Finnivo Software Training Video<\/p>\n<audio class=\"wp-audio-shortcode\" id=\"audio-930-10\" preload=\"none\" style=\"width: 100%;\" controls=\"controls\"><source type=\"audio\/mpeg\" src=\"https:\/\/barboratellinger.com\/wp-content\/uploads\/2021\/03\/Finnivo-1-Barbora.mp3?_=10\" \/><a href=\"https:\/\/barboratellinger.com\/wp-content\/uploads\/2021\/03\/Finnivo-1-Barbora.mp3\">https:\/\/barboratellinger.com\/wp-content\/uploads\/2021\/03\/Finnivo-1-Barbora.mp3<\/a><\/audio>\n<p>Czech Cosmetics Demo &#8211; Mature Voice<\/p>\n<audio class=\"wp-audio-shortcode\" id=\"audio-930-11\" preload=\"none\" style=\"width: 100%;\" controls=\"controls\"><source type=\"audio\/mpeg\" src=\"https:\/\/barboratellinger.com\/wp-content\/uploads\/2021\/03\/Barbora-Mature-Take.mp3?_=11\" \/><a href=\"https:\/\/barboratellinger.com\/wp-content\/uploads\/2021\/03\/Barbora-Mature-Take.mp3\">https:\/\/barboratellinger.com\/wp-content\/uploads\/2021\/03\/Barbora-Mature-Take.mp3<\/a><\/audio>\n<div data-test='contact-form'\n\t\t\tid='contact-form-930'\n\t\t\tclass='wp-block-jetpack-contact-form-container'\n\t\t\tdata-wp-interactive='jetpack\/form' data-wp-context='{\"formId\":\"930\",\"formHash\":\"f0e9b69484a6a67f78cc5c8be02c5382dddab45f\",\"showErrors\":false,\"errors\":[],\"fields\":[],\"isMultiStep\":false,\"useAjax\":true,\"submissionData\":null,\"formattedSubmissionData\":[],\"submissionSuccess\":false,\"submissionError\":null,\"elementId\":\"jp-form-f0e9b69484a6a67f78cc5c8be02c5382dddab45f\",\"isSingleInputForm\":false}'\n\t\t\tdata-wp-watch--scroll-to-wrapper=\"callbacks.scrollToWrapper\"\n\t\t>\n<div class=\"contact-form-submission contact-form-ajax-submission\" data-wp-class--submission-success=\"context.submissionSuccess\"><p class=\"go-back-message\"><a class=\"link\" role=\"button\" tabindex=\"0\" data-wp-on--click=\"actions.goBack\" href=\"\/cs\/wp-json\/wp\/v2\/pages\/930\">Go back<\/a><\/p><h4 id=\"contact-form-success-header\">Your message has been sent<\/h4>\n\n<template data-wp-each--submission=\"context.formattedSubmissionData\">\n\t\t\t\t\t<div class=\"jetpack_forms_contact-form-success-summary\">\n\t\t\t\t\t\t<div class=\"field-name\" data-wp-text=\"context.submission.label\" data-wp-bind--hidden=\"!context.submission.label\"><\/div>\n\t\t\t\t\t\t<div class=\"field-value\" data-wp-text=\"context.submission.value\"><\/div>\n\t\t\t\t\t\t<div class=\"field-images\" data-wp-bind--hidden=\"!context.submission.images\">\n\t\t\t\t\t\t\t<template data-wp-each--image=\"context.submission.images\">\n\t\t\t\t\t\t\t\t<figure class=\"field-image\" data-wp-class--is-empty=\"!context.image\">\n\t\t\t\t\t\t\t\t\t<img data-wp-bind--src=\"context.image\" data-wp-bind--hidden=\"!context.image\" \/>\n\t\t\t\t\t\t\t\t\t<img decoding=\"async\" src=\"data:image\/gif;base64,R0lGODlhAQABAAD\/ACwAAAAAAQABAAACADs=\" data-wp-bind--hidden=\"context.image\" \/>\n\t\t\t\t\t\t\t\t<\/figure>\n\t\t\t\t\t\t\t<\/template>\n\t\t\t\t\t\t<\/div>\n\t\t\t\t\t<\/div>\n\t\t\t\t<\/template><\/div><form action='https:\/\/barboratellinger.com\/cs\/voice-over-reel\/'\n\t\t\t\tid='jp-form-f0e9b69484a6a67f78cc5c8be02c5382dddab45f'\n\t\t\t\tmethod='post'\n\t\t\t\tclass='contact-form commentsblock' aria-label=\"Koment\u00e1\u0159\"\n\t\t\t\tdata-wp-on--submit=\"actions.onFormSubmit\"\n\t\t\t\tdata-wp-on--reset=\"actions.onFormReset\"\n\t\t\t\tdata-wp-class--submission-success=\"context.submissionSuccess\"\n\t\t\t\tdata-wp-class--is-first-step=\"state.isFirstStep\"\n\t\t\t\tdata-wp-class--is-last-step=\"state.isLastStep\"\n\t\t\t\tdata-wp-class--is-ajax-form=\"context.useAjax\"\n\t\t\t\tnovalidate data-trp-original-action=\"https:\/\/barboratellinger.com\/cs\/voice-over-reel\/\">\n<input type='hidden' name='jetpack_contact_form_jwt' value='eyJ0eXAiOiJKV1QiLCJhbGciOiJIUzI1NiJ9.eyJlbmNyeXB0ZWRfYXR0cmlidXRlcyI6IjdsZ1ExZTArL2R6Sm9Ed2lyeDhpVTcyM3RMVlJaYTRZaVVlb2VvU1lBTXpWWnpXMm56SXgrZkY5cnQvQmlnQ3BnS2w0MzNXVUIzVTJUZUx3Uk9RNU9zdXhuUndKckRVNksxNG5FTnBxeW9wVE9GUXJjbUpLVlJubnIzbzdldDBEMWdpWXNiVytHUGsrdFkwRVJZTWltaUJUV0xjZGNhSFdOdmh5azNnTHcrUmVEUXhrbE9IZXYwNWluNldQQzNwTGJCTXBSSExFQ2JKMUdVQWdWMVgxOGpNOThoOHYwWklSLzBxc2FkZmFxYWtqdmpuNDdFR2tpaXgxdWVNQ01OcjdzNE93WEhQbTV0VDVqb3Q2ekNWMElGZExsRGZta3RGalVGZkh1eUEyV0JRdms3Si9yQW9MQzJxOWYvVGNFOEVaSS9SbExQVGkyUXRLdDU1UU5qaDN0ZjVJMkZ0T2ZOZldEaDdWcUxFcXNkZ1ZDV0I4SkRWdWQ5WHFYaDhZUXBpYXpqOGt6T2g2SU5ndFRHbCtzV0lwbFJKNlA3cVlKNmpyWU5CZUQvbzZkQ2ZUZENvQ09SOFBSVWgzUFVZb0prVVNsblRCbkZraFBBenN0S0w4VXVxa0gvTjZUZGdtLzB1K2lOek8yay9tV1d3eDJUTUN1RHNuMm83c3lhUzlEMElPYkgyYWNpUXN2ZHN6VTZGZis3SUdkRkk5TTBtb25kNDltc0dWVXRNVDgrYXhYWGJoU2lHRi94ZnNlbEZLblNtRTJxcEJxdk9OcVY5OVdMMEIyUGhtM0tLSnpTVjdHUjdVWWRUeGtEOVBtN0R3U1J4bjFsNGE1UXhQSXZMd1AzcEd5amRHa3N6N1E1Z3V5VDhIaU1pTnIyVkwrejlaT3VFVDFsVHFVWWpBanRuN1pMcEVROFBzUWtSdHNkNXVDQjY3Ky93bm0xWERwVTZ5Uk01TnBMZ0FCZGJ3MUUwOEdMN1owLzVSaHljd2pvOUtlMnNIV0xTZWpiN0xSSW9hbFZGVG9SRVdnMGxrb3hLNm53eW5BZlZmZFdVWm1YVEtpclpLM3Y5VnU5T0JlUXYzZjFEa3VKOWtLaGZ4NzF4b2lDV2RXanFJSkk3VTh6T3lYR21GUGdLVHp0UEg1WVoxMjdBK0Q0Z0p3bXEvK0xWZFBFcVFGRjg9IiwiY29udGVudCI6Iltjb250YWN0LWZpZWxkIGxhYmVsPSdOYW1lJyB0eXBlPSduYW1lJyByZXF1aXJlZD0nMScvXVtjb250YWN0LWZpZWxkIGxhYmVsPSdFbWFpbCcgdHlwZT0nZW1haWwnIHJlcXVpcmVkPScxJy9dW2NvbnRhY3QtZmllbGQgbGFiZWw9J1dlYnNpdGUnIHR5cGU9J3VybCcvXVtjb250YWN0LWZpZWxkIGxhYmVsPSdDb21tZW50JyB0eXBlPSd0ZXh0YXJlYScgcmVxdWlyZWQ9JzEnL10iLCJoYXNoIjoiZjBlOWI2OTQ4NGE2YTY3Zjc4Y2M1YzhiZTAyYzUzODJkZGRhYjQ1ZiIsInNvdXJjZSI6eyJlbnRyeV90aXRsZSI6IlZvaWNlLU92ZXIgUmVlbCIsImVudHJ5X3BhZ2UiOjEsInNvdXJjZV9pZCI6OTMwLCJzb3VyY2VfdHlwZSI6InNpbmdsZSIsInJlcXVlc3RfdXJsIjoiaHR0cHM6Ly9iYXJib3JhdGVsbGluZ2VyLmNvbS9jcy93cC1qc29uL3dwL3YyL3BhZ2VzLzkzMCJ9LCJ2ZXJzaW9uIjoyLCJjaXBoZXIiOiJhZXMtMjU2LWdjbSJ9.Ky-JxsnD2SaF5S199yM3M1fzIUFh7PFXz50HubjpRco' \/>\n\n<div style=\"\"  data-wp-interactive=\"jetpack\/form\" data-wp-context='{\"fieldId\":\"g930-name\",\"fieldType\":\"name\",\"fieldLabel\":\"Name\",\"fieldValue\":\"\",\"fieldPlaceholder\":\"\",\"fieldIsRequired\":\"1\",\"fieldErrorMessage\":\"\",\"fieldExtra\":[],\"formHash\":\"f0e9b69484a6a67f78cc5c8be02c5382dddab45f\"}'  class='grunion-field-name-wrap grunion-field-wrap'  data-wp-init='callbacks.initializeField' data-wp-on--jetpack-form-reset='callbacks.initializeField' >\n<label\n\t\t\t\tfor='g930-name' class=\"grunion-field-label name\" >Jmeno<span class=\"grunion-label-required\" aria-hidden=\"true\">(required)<\/span><\/label>\n<input\n\t\t\t\t\ttype='text'\n\t\t\t\t\tname='g930-name'\n\t\t\t\t\tid='g930-name'\n\t\t\t\t\tvalue=''\n\n\t\t\t\t\tdata-wp-bind--aria-invalid='state.fieldHasErrors'\n\t\t\t\t\tdata-wp-bind--value='state.getFieldValue'\n\t\t\t\t\taria-errormessage='g930-name-text-error-message'\n\t\t\t\t\tdata-wp-on--input='actions.onFieldChange'\n\t\t\t\t\tdata-wp-on--blur='actions.onFieldBlur'\n\t\t\t\t\tdata-wp-class--has-value='state.hasFieldValue'\n\n\t\t\t\t\tclass='name  grunion-field' \n\t\t\t\t\trequired='true' aria-required='true'  \/>\n \n\t\t\t<div id=\"g930-name-text-error\" class=\"contact-form__input-error\" data-wp-class--has-errors=\"state.fieldHasErrors\">\n\t\t\t\t<span class=\"contact-form__warning-icon\">\n\t\t\t\t\t<svg width=\"16\" height=\"16\" viewbox=\"0 0 16 16\" fill=\"none\" xmlns=\"http:\/\/www.w3.org\/2000\/svg\">\n\t\t\t\t\t\t<path d=\"M8.50015 11.6402H7.50015V10.6402H8.50015V11.6402Z\" \/>\n\t\t\t\t\t\t<path d=\"M7.50015 9.64018H8.50015V6.30684H7.50015V9.64018Z\" \/>\n\t\t\t\t\t\t<path fill-rule=\"evenodd\" clip-rule=\"evenodd\" d=\"M6.98331 3.0947C7.42933 2.30177 8.57096 2.30177 9.01698 3.09469L13.8771 11.7349C14.3145 12.5126 13.7525 13.4735 12.8602 13.4735H3.14004C2.24774 13.4735 1.68575 12.5126 2.12321 11.7349L6.98331 3.0947ZM8.14541 3.58496C8.08169 3.47168 7.9186 3.47168 7.85488 3.58496L2.99478 12.2251C2.93229 12.3362 3.01257 12.4735 3.14004 12.4735H12.8602C12.9877 12.4735 13.068 12.3362 13.0055 12.2251L8.14541 3.58496Z\" \/>\n\t\t\t\t\t<\/svg>\n\t\t\t\t\t<span class=\"visually-hidden\">Warning<\/span>\n\t\t\t\t<\/span>\n\t\t\t\t<span data-wp-text=\"state.errorMessage\" id=\"g930-name-text-error-message\" role=\"alert\" aria-live=\"assertive\"><\/span>\n\t\t\t<\/div> \n\t<\/div>\n\n<div style=\"\"  data-wp-interactive=\"jetpack\/form\" data-wp-context='{\"fieldId\":\"g930-email\",\"fieldType\":\"email\",\"fieldLabel\":\"Email\",\"fieldValue\":\"\",\"fieldPlaceholder\":\"\",\"fieldIsRequired\":\"1\",\"fieldErrorMessage\":\"\",\"fieldExtra\":[],\"formHash\":\"f0e9b69484a6a67f78cc5c8be02c5382dddab45f\"}'  class='grunion-field-email-wrap grunion-field-wrap'  data-wp-init='callbacks.initializeField' data-wp-on--jetpack-form-reset='callbacks.initializeField' >\n<label\n\t\t\t\tfor='g930-email' class=\"grunion-field-label email\" >Emailov\u00e1 adresa<span class=\"grunion-label-required\" aria-hidden=\"true\">(required)<\/span><\/label>\n<input\n\t\t\t\t\ttype='email'\n\t\t\t\t\tname='g930-email'\n\t\t\t\t\tid='g930-email'\n\t\t\t\t\tvalue=''\n\n\t\t\t\t\tdata-wp-bind--aria-invalid='state.fieldHasErrors'\n\t\t\t\t\tdata-wp-bind--value='state.getFieldValue'\n\t\t\t\t\taria-errormessage='g930-email-email-error-message'\n\t\t\t\t\tdata-wp-on--input='actions.onFieldChange'\n\t\t\t\t\tdata-wp-on--blur='actions.onFieldBlur'\n\t\t\t\t\tdata-wp-class--has-value='state.hasFieldValue'\n\n\t\t\t\t\tclass='email  grunion-field' \n\t\t\t\t\trequired='true' aria-required='true'  \/>\n \n\t\t\t<div id=\"g930-email-email-error\" class=\"contact-form__input-error\" data-wp-class--has-errors=\"state.fieldHasErrors\">\n\t\t\t\t<span class=\"contact-form__warning-icon\">\n\t\t\t\t\t<svg width=\"16\" height=\"16\" viewbox=\"0 0 16 16\" fill=\"none\" xmlns=\"http:\/\/www.w3.org\/2000\/svg\">\n\t\t\t\t\t\t<path d=\"M8.50015 11.6402H7.50015V10.6402H8.50015V11.6402Z\" \/>\n\t\t\t\t\t\t<path d=\"M7.50015 9.64018H8.50015V6.30684H7.50015V9.64018Z\" \/>\n\t\t\t\t\t\t<path fill-rule=\"evenodd\" clip-rule=\"evenodd\" d=\"M6.98331 3.0947C7.42933 2.30177 8.57096 2.30177 9.01698 3.09469L13.8771 11.7349C14.3145 12.5126 13.7525 13.4735 12.8602 13.4735H3.14004C2.24774 13.4735 1.68575 12.5126 2.12321 11.7349L6.98331 3.0947ZM8.14541 3.58496C8.08169 3.47168 7.9186 3.47168 7.85488 3.58496L2.99478 12.2251C2.93229 12.3362 3.01257 12.4735 3.14004 12.4735H12.8602C12.9877 12.4735 13.068 12.3362 13.0055 12.2251L8.14541 3.58496Z\" \/>\n\t\t\t\t\t<\/svg>\n\t\t\t\t\t<span class=\"visually-hidden\">Warning<\/span>\n\t\t\t\t<\/span>\n\t\t\t\t<span data-wp-text=\"state.errorMessage\" id=\"g930-email-email-error-message\" role=\"alert\" aria-live=\"assertive\"><\/span>\n\t\t\t<\/div> \n\t<\/div>\n\n<div style=\"\"  data-wp-interactive=\"jetpack\/form\" data-wp-context='{\"fieldId\":\"g930-website\",\"fieldType\":\"url\",\"fieldLabel\":\"Website\",\"fieldValue\":\"\",\"fieldPlaceholder\":\"\",\"fieldIsRequired\":\"\",\"fieldErrorMessage\":\"\",\"fieldExtra\":[],\"formHash\":\"f0e9b69484a6a67f78cc5c8be02c5382dddab45f\"}'  class='grunion-field-url-wrap grunion-field-wrap'  data-wp-init='callbacks.initializeField' data-wp-on--jetpack-form-reset='callbacks.initializeField' >\n<label\n\t\t\t\tfor='g930-website' class=\"grunion-field-label url\" >Webov\u00e1 Str\u00e1nka<\/label>\n<input\n\t\t\t\t\ttype='text'\n\t\t\t\t\tname='g930-website'\n\t\t\t\t\tid='g930-website'\n\t\t\t\t\tvalue=''\n\n\t\t\t\t\tdata-wp-bind--aria-invalid='state.fieldHasErrors'\n\t\t\t\t\tdata-wp-bind--value='state.getFieldValue'\n\t\t\t\t\taria-errormessage='g930-website-text-error-message'\n\t\t\t\t\tdata-wp-on--input='actions.onFieldChange'\n\t\t\t\t\tdata-wp-on--blur='actions.onFieldBlur'\n\t\t\t\t\tdata-wp-class--has-value='state.hasFieldValue'\n\n\t\t\t\t\tclass='url  grunion-field' \n\t\t\t\t\t \/>\n \n\t\t\t<div id=\"g930-website-text-error\" class=\"contact-form__input-error\" data-wp-class--has-errors=\"state.fieldHasErrors\">\n\t\t\t\t<span class=\"contact-form__warning-icon\">\n\t\t\t\t\t<svg width=\"16\" height=\"16\" viewbox=\"0 0 16 16\" fill=\"none\" xmlns=\"http:\/\/www.w3.org\/2000\/svg\">\n\t\t\t\t\t\t<path d=\"M8.50015 11.6402H7.50015V10.6402H8.50015V11.6402Z\" \/>\n\t\t\t\t\t\t<path d=\"M7.50015 9.64018H8.50015V6.30684H7.50015V9.64018Z\" \/>\n\t\t\t\t\t\t<path fill-rule=\"evenodd\" clip-rule=\"evenodd\" d=\"M6.98331 3.0947C7.42933 2.30177 8.57096 2.30177 9.01698 3.09469L13.8771 11.7349C14.3145 12.5126 13.7525 13.4735 12.8602 13.4735H3.14004C2.24774 13.4735 1.68575 12.5126 2.12321 11.7349L6.98331 3.0947ZM8.14541 3.58496C8.08169 3.47168 7.9186 3.47168 7.85488 3.58496L2.99478 12.2251C2.93229 12.3362 3.01257 12.4735 3.14004 12.4735H12.8602C12.9877 12.4735 13.068 12.3362 13.0055 12.2251L8.14541 3.58496Z\" \/>\n\t\t\t\t\t<\/svg>\n\t\t\t\t\t<span class=\"visually-hidden\">Warning<\/span>\n\t\t\t\t<\/span>\n\t\t\t\t<span data-wp-text=\"state.errorMessage\" id=\"g930-website-text-error-message\" role=\"alert\" aria-live=\"assertive\"><\/span>\n\t\t\t<\/div> \n\t<\/div>\n\n<div style=\"\"  data-wp-interactive=\"jetpack\/form\" data-wp-context='{\"fieldId\":\"g930-comment\",\"fieldType\":\"textarea\",\"fieldLabel\":\"Comment\",\"fieldValue\":\"\",\"fieldPlaceholder\":\"\",\"fieldIsRequired\":\"1\",\"fieldErrorMessage\":\"\",\"fieldExtra\":[],\"formHash\":\"f0e9b69484a6a67f78cc5c8be02c5382dddab45f\"}'  class='grunion-field-textarea-wrap grunion-field-wrap'  data-wp-init='callbacks.initializeField' data-wp-on--jetpack-form-reset='callbacks.initializeField' >\n<label\n\t\t\t\tfor='contact-form-comment-g930-comment' class=\"grunion-field-label textarea\" >Koment\u00e1\u0159<span class=\"grunion-label-required\" aria-hidden=\"true\">(required)<\/span><\/label>\n<textarea\n\t\t                style=''\n\t\t                name='g930-comment'\n\t\t                id='contact-form-comment-g930-comment'\n\t\t                rows='20'\n\t\t\t\t\t\tdata-wp-text='state.getFieldValue'\n\t\t\t\t\t\tdata-wp-on--input='actions.onFieldChange'\n\t\t\t\t\t\tdata-wp-on--blur='actions.onFieldBlur'\n\t\t\t\t\t\tdata-wp-class--has-value='state.hasFieldValue'\n\t\t\t\t\t\tdata-wp-bind--aria-invalid='state.fieldHasErrors'\n\t\t\t\t\t\taria-errormessage='g930-comment-textarea-error-message'\n\t\t\t\t\t\tclass='textarea  grunion-field'  required aria-required='true'><\/textarea>\n \n\t\t\t<div id=\"g930-comment-textarea-error\" class=\"contact-form__input-error\" data-wp-class--has-errors=\"state.fieldHasErrors\">\n\t\t\t\t<span class=\"contact-form__warning-icon\">\n\t\t\t\t\t<svg width=\"16\" height=\"16\" viewbox=\"0 0 16 16\" fill=\"none\" xmlns=\"http:\/\/www.w3.org\/2000\/svg\">\n\t\t\t\t\t\t<path d=\"M8.50015 11.6402H7.50015V10.6402H8.50015V11.6402Z\" \/>\n\t\t\t\t\t\t<path d=\"M7.50015 9.64018H8.50015V6.30684H7.50015V9.64018Z\" \/>\n\t\t\t\t\t\t<path fill-rule=\"evenodd\" clip-rule=\"evenodd\" d=\"M6.98331 3.0947C7.42933 2.30177 8.57096 2.30177 9.01698 3.09469L13.8771 11.7349C14.3145 12.5126 13.7525 13.4735 12.8602 13.4735H3.14004C2.24774 13.4735 1.68575 12.5126 2.12321 11.7349L6.98331 3.0947ZM8.14541 3.58496C8.08169 3.47168 7.9186 3.47168 7.85488 3.58496L2.99478 12.2251C2.93229 12.3362 3.01257 12.4735 3.14004 12.4735H12.8602C12.9877 12.4735 13.068 12.3362 13.0055 12.2251L8.14541 3.58496Z\" \/>\n\t\t\t\t\t<\/svg>\n\t\t\t\t\t<span class=\"visually-hidden\">Warning<\/span>\n\t\t\t\t<\/span>\n\t\t\t\t<span data-wp-text=\"state.errorMessage\" id=\"g930-comment-textarea-error-message\" role=\"alert\" aria-live=\"assertive\"><\/span>\n\t\t\t<\/div>\n\t<\/div>\n\t<p class='contact-submit'>\n<div class=\"contact-form__error\" data-wp-class--show-errors=\"state.showFormErrors\"><span class=\"contact-form__warning-icon\"><span class=\"visually-hidden\">Warning.<\/span><i aria-hidden=\"true\"><\/i><\/span>\n\t\t\t\t<span data-wp-text=\"state.getFormErrorMessage\"><\/span>\n\t\t\t\t<ul>\n\t\t\t\t<template data-wp-each=\"state.getErrorList\" data-wp-key=\"context.item.id\">\n\t\t\t\t\t<li><a data-wp-bind--href=\"context.item.anchor\" data-wp-on--click=\"actions.scrollIntoView\" data-wp-text=\"context.item.label\"><\/a><\/li>\n\t\t\t\t<\/template>\n\t\t\t\t<\/ul><\/div><div class=\"contact-form__error\" data-wp-class--show-errors=\"state.showSubmissionError\" data-wp-text=\"context.submissionError\"><\/div>\t\t<button type='submit' class='pushbutton-wide'>P\u0159edlo\u017eit<\/button>\t\t<input type='hidden' name='contact-form-id' value='930' \/>\n\t\t<input type='hidden' name='action' value='grunion-contact-form' \/>\n\t\t<input type='hidden' name='contact-form-hash' value='f0e9b69484a6a67f78cc5c8be02c5382dddab45f' \/>\n\t<\/p>\n<p style=\"display: none !important;\" class=\"akismet-fields-container\" data-prefix=\"ak_\"><label>&#916;<textarea name=\"ak_hp_textarea\" cols=\"45\" rows=\"8\" maxlength=\"100\"><\/textarea><\/label><input type=\"hidden\" id=\"ak_js_1\" name=\"ak_js\" value=\"177\"\/><script>document.getElementById( \"ak_js_1\" ).setAttribute( \"value\", ( new Date() ).getTime() );<\/script><\/p><input type=\"hidden\" name=\"trp-form-language\" value=\"cs\"\/><\/form>\n<\/div>\n\n\n<p><\/p>","protected":false},"excerpt":{"rendered":"<p>Please listen the following voice over samples and contact Barbora via the contact form below. English Regular: English Conversational: English Hard Sell: English: Afrikaans Soft Sell Afrikaans Hard Sell: Russian\/Australian Kelloggs French\/American Finnivo Software Training Video Czech Cosmetics Demo &#8211; Mature Voice<\/p>","protected":false},"author":1,"featured_media":0,"parent":0,"menu_order":0,"comment_status":"closed","ping_status":"closed","template":"","meta":{"footnotes":""},"class_list":["post-930","page","type-page","status-publish","hentry"],"jetpack_sharing_enabled":true,"_links":{"self":[{"href":"https:\/\/barboratellinger.com\/cs\/wp-json\/wp\/v2\/pages\/930","targetHints":{"allow":["GET"]}}],"collection":[{"href":"https:\/\/barboratellinger.com\/cs\/wp-json\/wp\/v2\/pages"}],"about":[{"href":"https:\/\/barboratellinger.com\/cs\/wp-json\/wp\/v2\/types\/page"}],"author":[{"embeddable":true,"href":"https:\/\/barboratellinger.com\/cs\/wp-json\/wp\/v2\/users\/1"}],"replies":[{"embeddable":true,"href":"https:\/\/barboratellinger.com\/cs\/wp-json\/wp\/v2\/comments?post=930"}],"version-history":[{"count":0,"href":"https:\/\/barboratellinger.com\/cs\/wp-json\/wp\/v2\/pages\/930\/revisions"}],"wp:attachment":[{"href":"https:\/\/barboratellinger.com\/cs\/wp-json\/wp\/v2\/media?parent=930"}],"curies":[{"name":"wp","href":"https:\/\/api.w.org\/{rel}","templated":true}]}}