{"id":8011,"date":"2025-11-18T09:39:46","date_gmt":"2025-11-18T08:39:46","guid":{"rendered":"https:\/\/barboratellinger.com\/?page_id=8011"},"modified":"2026-01-03T08:46:22","modified_gmt":"2026-01-03T07:46:22","slug":"womens-wellness-retreat","status":"publish","type":"page","link":"https:\/\/barboratellinger.com\/cs\/womens-wellness-retreat\/","title":{"rendered":"Women&#8217;s Wellness Retreat"},"content":{"rendered":"<figure class=\"wp-block-image size-full\"><a href=\"https:\/\/barboratellinger.com\/wp-content\/uploads\/2025\/11\/Women's Wellness Retreat Poster 2.png\"><img loading=\"lazy\" decoding=\"async\" width=\"1023\" height=\"769\" src=\"https:\/\/barboratellinger.com\/wp-content\/uploads\/2025\/11\/Women's Wellness Retreat Poster 2.png\" alt=\"\" class=\"wp-image-7969\" srcset=\"https:\/\/barboratellinger.com\/wp-content\/uploads\/2025\/11\/Women&#039;s%20Wellness%20Retreat%20Poster%202.png 1023w, https:\/\/barboratellinger.com\/wp-content\/uploads\/2025\/11\/Women&#039;s%20Wellness%20Retreat%20Poster%202-300x226.png 300w, https:\/\/barboratellinger.com\/wp-content\/uploads\/2025\/11\/Women&#039;s%20Wellness%20Retreat%20Poster%202-768x577.png 768w, https:\/\/barboratellinger.com\/wp-content\/uploads\/2025\/11\/Women&#039;s%20Wellness%20Retreat%20Poster%202-16x12.png 16w\" sizes=\"auto, (max-width: 1023px) 100vw, 1023px\" \/><\/a><\/figure>\n\n\n\n<p>We invite you to join us for a serene few days in the pursuit of wellness at Stone Circle Lodge in Waterval Boven\/Emgwenya. Restore balance, control inflammation, detox problem organs, and enjoy shared information about health and hormonal issues experienced by many mature women today. Through nutrition, breathing, elixirs, riverside Pilates &amp; meditation, ley line healing, and shared personal testimonials, we will gently detox organs, reverse chronic conditions and inflammation and assist in restoring balance. If you\u2019re sick and tired of the dis-ease caused by modern medicine, this is the perfect retreat for you.<\/p>\n\n\n\n<div class=\"wp-block-media-text is-stacked-on-mobile\"><figure class=\"wp-block-media-text__media\"><img loading=\"lazy\" decoding=\"async\" width=\"462\" height=\"665\" src=\"https:\/\/barboratellinger.com\/wp-content\/uploads\/2025\/11\/Barbora-Solo.jpg\" alt=\"\" class=\"wp-image-7989 size-full\" srcset=\"https:\/\/barboratellinger.com\/wp-content\/uploads\/2025\/11\/Barbora-Solo.jpg 462w, https:\/\/barboratellinger.com\/wp-content\/uploads\/2025\/11\/Barbora-Solo-208x300.jpg 208w, https:\/\/barboratellinger.com\/wp-content\/uploads\/2025\/11\/Barbora-Solo-8x12.jpg 8w\" sizes=\"auto, (max-width: 462px) 100vw, 462px\" \/><\/figure><div class=\"wp-block-media-text__content\">\n<p>My journey with health, pharmaceuticals, the body, and family wellness. For more than four decades as a musician, mother, wife and exercise enthusiast in South Africa and central Europe, I have experienced massive challenges with the health of my family and myself. Pharmaceutically induced chronic conditions, debilitating spinal injuries, the near-fatal illnesses of my children, spectacular gynaecological mismanagement and more, have forced me to invest years in the study and research of prevention and treatment, natural remedies, the correct supplements and dosages, all with excellent results and much long-term success.<\/p>\n<\/div><\/div>\n\n\n\n<p>Most of these health issues were caused by medical mismanagement, pharmaceuticals, and incorrect treatment protocols. I hear women all the time talking about issues of health, many of them suffering menopausal issues, treated with indifference and repeated unsuccessful protocols by the medical industry and dangerous drug prescriptions.<\/p>\n\n\n\n<p>There are successful and safe alternatives, and I am eager to share them and hear other women who may also shine some wisdom. I shouldn\u2019t be alive, but I am now in excellent health, I know how to heal many negative conditions which arise and I understand how to help my body when it throws debilitating challenges my way. So if you have an interest in a safer and more natural approach to managing your body, join us for three days of wellness in the beautiful Elands River Valley. I look forward to meeting and sharing what the decades have taught me.<br><\/p>\n\n\n\n<p>We have a full itinerary which will include:<\/p>\n\n\n\n<ul class=\"wp-block-list\">\n<li>A hike with spectacular vistas<\/li>\n\n\n\n<li>Time spent in the healing stone circle ruins\n\n\n\n<li>Breathing exercises and stretching by the riverside<\/li>\n\n\n\n<li>Organ detox and inflammation reducing elixirs and smoothies (recipes included)<\/li>\n\n\n\n<li>Discussions on chronic condition reversal, hormonal wellness and general healing and health<\/li>\n\n\n\n<li>Herbs, weeds and their benefits<\/li>\n\n\n\n<li>Meditation and labyrinth<\/li>\n\n\n\n<li>Nutritional meals and laughter in the company of conscious and open-minded women.<\/li>\n<\/ul>\n\n\n\n<p>We have beautiful chalets, each with queen bed, fridge, coffee\/tea, our own spring water and en-suite bathrooms, all in our beautiful gardens on the Eland River. Prices begin at R3900 per person sharing and include accommodation, outings, all meals, teas, smoothies and elixirs.<\/p>\n\n\n\n<p>Chalet 3 has an added single bed \u2013 R4200 pp sharing.<br>Chalets 4, 5 &amp; 6 have extra loft space for those who don\u2019t mind the climb.<br>Price is R5600 for those who want their own space.<\/p>\n\n\n\n<p>Have a look at our accommodations page, invite a friend, and make your booking inquiry.<br>For reservations, fill out the form below or write to <a href=\"mailto:info@stonecirclelodge.co.za\">info@stonecirclelodge.co.za<\/a><\/p>\n\n\n<div class=\"wpforms-container wpforms-container-full wpforms-block wpforms-block-054bd5ab-94d6-4243-a842-98c1ac4786b3\" id=\"wpforms-3954\"><form id=\"wpforms-form-3954\" class=\"wpforms-validate wpforms-form wpforms-ajax-form\" data-formid=\"3954\" method=\"post\" enctype=\"multipart\/form-data\" action=\"\/cs\/wp-json\/wp\/v2\/pages\/8011\" data-token=\"69f0f2db87387096aa89cb365ae353d0\" data-token-time=\"1775409014\" data-trp-original-action=\"\/cs\/wp-json\/wp\/v2\/pages\/8011\"><div class=\"wpforms-head-container\"><div class=\"wpforms-title\">Women&#039;s Wellness Retreat Contact Form<\/div><div class=\"wpforms-description\">Contact us about participating in the Women&#8217;s Wellness Retreat, 29 January &#8211; 1 February 2026<\/div><\/div><noscript class=\"wpforms-error-noscript\">Chcete-li vyplnit tento formul\u00e1\u0159, pros\u00edm povolte v prohl\u00ed\u017ee\u010di JavaScript.<\/noscript><div class=\"wpforms-field-container\"><div id=\"wpforms-3954-field_0-container\" class=\"wpforms-field wpforms-field-name\" data-field-id=\"0\"><label class=\"wpforms-field-label\">Jmeno <span class=\"wpforms-required-label\">*<\/span><\/label><div class=\"wpforms-field-row wpforms-field-medium\"><div class=\"wpforms-field-row-block wpforms-first wpforms-one-half\"><input type=\"text\" id=\"wpforms-3954-field_0\" class=\"wpforms-field-name-first wpforms-field-required\" name=\"wpforms[fields][0][first]\" required><label for=\"wpforms-3954-field_0\" class=\"wpforms-field-sublabel after\">K\u0159estn\u00ed jm\u00e9no<\/label><\/div><div class=\"wpforms-field-row-block wpforms-one-half\"><input type=\"text\" id=\"wpforms-3954-field_0-last\" class=\"wpforms-field-name-last wpforms-field-required\" name=\"wpforms[fields][0][last]\" required><label for=\"wpforms-3954-field_0-last\" class=\"wpforms-field-sublabel after\">P\u0159\u00edjmen\u00ed<\/label><\/div><\/div><\/div><div id=\"wpforms-3954-field_1-container\" class=\"wpforms-field wpforms-field-email\" data-field-id=\"1\"><label class=\"wpforms-field-label\" for=\"wpforms-3954-field_1\">Emailov\u00e1 adresa <span class=\"wpforms-required-label\">*<\/span><\/label><input type=\"email\" id=\"wpforms-3954-field_1\" class=\"wpforms-field-medium wpforms-field-required\" name=\"wpforms[fields][1]\" spellcheck=\"false\" required><\/div><div id=\"wpforms-3954-field_2-container\" class=\"wpforms-field wpforms-field-textarea\" data-field-id=\"2\"><label class=\"wpforms-field-label\" for=\"wpforms-3954-field_2\">Comment or Message <span class=\"wpforms-required-label\">*<\/span><\/label><textarea id=\"wpforms-3954-field_2\" class=\"wpforms-field-medium wpforms-field-required\" name=\"wpforms[fields][2]\" required><\/textarea><\/div><\/div><!-- .wpforms-field-container --><div class=\"wpforms-submit-container\" ><input type=\"hidden\" name=\"wpforms[id]\" value=\"3954\"><input type=\"hidden\" name=\"page_title\" value=\"\"><input type=\"hidden\" name=\"page_url\" value=\"https:\/\/barboratellinger.com\/cs\/wp-json\/wp\/v2\/pages\/8011\"><input type=\"hidden\" name=\"url_referer\" value=\"\"><button type=\"submit\" name=\"wpforms[submit]\" id=\"wpforms-submit-3954\" class=\"wpforms-submit\" data-alt-text=\"Sending...\" data-submit-text=\"Submit\" aria-live=\"assertive\" value=\"wpforms-submit\">P\u0159edlo\u017eit<\/button><img loading=\"lazy\" decoding=\"async\" src=\"https:\/\/barboratellinger.com\/wp-content\/plugins\/wpforms-lite\/assets\/images\/submit-spin.svg\" class=\"wpforms-submit-spinner\" style=\"display: none;\" width=\"26\" height=\"26\" alt=\"Na\u010d\u00edt\u00e1n\u00ed\"><\/div><input type=\"hidden\" name=\"trp-form-language\" value=\"cs\"\/><\/form><\/div>  <!-- .wpforms-container -->","protected":false},"excerpt":{"rendered":"<p>We invite you to join us for a serene few days in the pursuit of wellness at Stone Circle Lodge in Waterval Boven\/Emgwenya. Restore balance, control inflammation, detox problem organs, and enjoy shared information about health and hormonal issues experienced by many mature women today. Through nutrition, breathing, elixirs, riverside Pilates &amp; meditation, ley line [&hellip;]<\/p>","protected":false},"author":1,"featured_media":0,"parent":0,"menu_order":0,"comment_status":"closed","ping_status":"closed","template":"","meta":{"footnotes":""},"class_list":["post-8011","page","type-page","status-publish","hentry"],"jetpack_sharing_enabled":true,"_links":{"self":[{"href":"https:\/\/barboratellinger.com\/cs\/wp-json\/wp\/v2\/pages\/8011","targetHints":{"allow":["GET"]}}],"collection":[{"href":"https:\/\/barboratellinger.com\/cs\/wp-json\/wp\/v2\/pages"}],"about":[{"href":"https:\/\/barboratellinger.com\/cs\/wp-json\/wp\/v2\/types\/page"}],"author":[{"embeddable":true,"href":"https:\/\/barboratellinger.com\/cs\/wp-json\/wp\/v2\/users\/1"}],"replies":[{"embeddable":true,"href":"https:\/\/barboratellinger.com\/cs\/wp-json\/wp\/v2\/comments?post=8011"}],"version-history":[{"count":5,"href":"https:\/\/barboratellinger.com\/cs\/wp-json\/wp\/v2\/pages\/8011\/revisions"}],"predecessor-version":[{"id":8022,"href":"https:\/\/barboratellinger.com\/cs\/wp-json\/wp\/v2\/pages\/8011\/revisions\/8022"}],"wp:attachment":[{"href":"https:\/\/barboratellinger.com\/cs\/wp-json\/wp\/v2\/media?parent=8011"}],"curies":[{"name":"wp","href":"https:\/\/api.w.org\/{rel}","templated":true}]}}