{"id":222,"date":"2014-05-04T15:20:34","date_gmt":"2014-05-04T15:20:34","guid":{"rendered":"http:\/\/barboratellinger.com\/?page_id=222"},"modified":"2024-07-15T10:02:46","modified_gmt":"2024-07-15T09:02:46","slug":"video","status":"publish","type":"page","link":"https:\/\/barboratellinger.com\/cs\/video\/","title":{"rendered":"Video"},"content":{"rendered":"<p>Zde najdete videa z vystoupen\u00ed i ofici\u00e1ln\u00ed videa, kter\u00e1 doprov\u00e1zej\u00ed n\u011bkter\u00e9 skladby na m\u00fdch CD.<\/p>\n<p>Here is a fan video of our recent performance of 8 July, 2024 at Prague&#8217;s Jazz Dock. The song is &#8220;Let&#8217;s Face The Music and Dance,&#8221; from our &#8220;Between Berlin &amp; Bebop&#8221; show. Personnel: <span class=\"yt-core-attributed-string yt-core-attributed-string--white-space-pre-wrap\" dir=\"auto\" role=\"text\">Barbora Tellinger, vocalist, John Fresk, pianist, Taras Volos, bass, Martin \u0160ulc, drums, Nela Dusov\u00e1, tenor sax, Martin J\u016fzl, trumpet and \u0160t\u011bp\u00e1n Janou\u0161ek on trombone.<\/span><\/p>\n<p><iframe loading=\"lazy\" title=\"Let&#039;s Face The Music and Dance\" width=\"720\" height=\"405\" src=\"https:\/\/www.youtube.com\/embed\/G0hxzIw3AS8?feature=oembed\" frameborder=\"0\" allow=\"accelerometer; autoplay; clipboard-write; encrypted-media; gyroscope; picture-in-picture; web-share\" referrerpolicy=\"strict-origin-when-cross-origin\" allowfullscreen><\/iframe><\/p>\n<p>Here&#8217;s a collage of Irving Berlin&#8217;s songs from our &#8220;Between Berlin &amp; Bebop&#8221; show, which we performed at Jazz Dock on March 3rd. It was such a pleasure to work with such talented colleagues! Between Berlin &amp; Bebop featured Taras Voloscuk on bass, Osian Roberts on tenor sax, Martin \u0160ulc on drums, trombonist P\u0159emysl Tom\u0161\u00ed\u010dek, and Martin J\u016fzl on trumpet. We are planning on touring this show, to spotlight America&#8217;s greatest songwriter, Irving Berlin. Contact me at jazz@barboratellinger.com for more information.<\/p>\n<p><iframe loading=\"lazy\" title=\"Between Berlin &amp; Bebop Collage\" width=\"720\" height=\"405\" src=\"https:\/\/www.youtube.com\/embed\/k94zP1yTS8M?feature=oembed\" frameborder=\"0\" allow=\"accelerometer; autoplay; clipboard-write; encrypted-media; gyroscope; picture-in-picture; web-share\" referrerpolicy=\"strict-origin-when-cross-origin\" allowfullscreen><\/iframe><\/p>\n<p>Tady jsou videa z nejnov\u011bj\u0161\u00edho alba Tellinger &amp; Fresk \u201eAs Long As You\u2019re Living\u201c.<\/p>\n<p><iframe loading=\"lazy\" src=\"https:\/\/www.youtube.com\/embed\/z0rYvxRB_bQ\" width=\"560\" height=\"315\" frameborder=\"0\" allowfullscreen=\"allowfullscreen\"><\/iframe><\/p>\n<p><iframe loading=\"lazy\" src=\"https:\/\/www.youtube.com\/embed\/VkH1oDckgX4\" width=\"560\" height=\"315\" frameborder=\"0\" allowfullscreen=\"allowfullscreen\"><\/iframe><\/p>\n<p><iframe loading=\"lazy\" src=\"https:\/\/www.youtube.com\/embed\/QLUSndd9mHg\" width=\"560\" height=\"315\" frameborder=\"0\" allowfullscreen=\"allowfullscreen\"><\/iframe><\/p>\n<p><iframe loading=\"lazy\" src=\"https:\/\/www.youtube.com\/embed\/lNtfURlLr0E\" width=\"560\" height=\"315\" frameborder=\"0\" allowfullscreen=\"allowfullscreen\"><\/iframe><\/p>\n<p><iframe loading=\"lazy\" src=\"https:\/\/www.youtube.com\/embed\/DwoALMDmxes\" width=\"560\" height=\"315\" frameborder=\"0\" allowfullscreen=\"allowfullscreen\"><\/iframe><\/p>\n<p>Here is one of Barbora&#8217;s more well-known original compositions, &#8220;Please Acknowledge,&#8221; performed live in concert and featured on both the &#8220;Live 2012&#8221; CD and on the &#8220;Live At The Musaion&#8221; CD.<\/p>\n<p><iframe loading=\"lazy\" src=\"https:\/\/www.youtube.com\/embed\/DfbX210D-SM\" width=\"560\" height=\"315\" frameborder=\"0\" allowfullscreen=\"allowfullscreen\"><\/iframe><\/p>\n<p>Another original composition: &#8220;River Of Despair.&#8221; This is featured on the Tellinger &amp; Fresk CD, &#8220;Deuce.&#8221;<\/p>\n<p><iframe loading=\"lazy\" src=\"https:\/\/www.youtube.com\/embed\/8uz8SXzWlxc\" width=\"560\" height=\"315\" frameborder=\"0\" allowfullscreen=\"allowfullscreen\"><\/iframe><\/p>\n<p>Duke Ellington&#8217;s great standard, &#8220;It Don&#8217;t Mean A Thing,&#8221; performed live by Barbora and her University Of Pretoria Jazz Ensemble, and featured on the &#8220;Live 2012&#8221; CD.<\/p>\n<p><iframe loading=\"lazy\" src=\"https:\/\/www.youtube.com\/embed\/C5rOuNL5xqo\" width=\"560\" height=\"315\" frameborder=\"0\" allowfullscreen=\"allowfullscreen\"><\/iframe><\/p>\n<p>Tady je na\u0161e verze star\u00e9ho velk\u00e9ho standardu \u201eI Got The Sun In The Morning\u201c, mistrovsk\u00e9 d\u00edlo Irvinga Berlina z muzik\u00e1lu \u201eAnnie Get Your Gun\u201c. \u010c\u00e1st na\u0161\u00ed s\u00e9rie Lockdown Countdown.<\/p>\n<p><iframe loading=\"lazy\" src=\"https:\/\/www.youtube.com\/embed\/hZ7BZzOBE0E\" width=\"560\" height=\"315\" frameborder=\"0\" allowfullscreen=\"allowfullscreen\"><\/iframe><\/p>\n<p>Toto je moje vlastn\u00ed skladba. Chv\u00edli to m\u011blo v\u00e1\u017en\u00fd airplay v jihoafrick\u00e9m r\u00e1diu a toto je na\u0161e duo verze. Z na\u0161\u00ed s\u00e9rie Lockdown Countdown.<\/p>\n<p><iframe loading=\"lazy\" src=\"https:\/\/www.youtube.com\/embed\/jueOVoOSAVw\" width=\"560\" height=\"315\" frameborder=\"0\" allowfullscreen=\"allowfullscreen\"><\/iframe><\/p>\n<p>Tady je druh\u00fd d\u00edl na\u0161eho neform\u00e1ln\u00edho Lockdown odpo\u010d\u00edt\u00e1v\u00e1n\u00ed. Barbora zp\u00edv\u00e1 n\u00e1dhernou starou baladu \u201eTrouble Is A Man\u201c, kterou Peggy Lee nahr\u00e1la v roce 1946.<\/p>\n<p><iframe loading=\"lazy\" src=\"https:\/\/www.youtube.com\/embed\/-GzgvHdoKPs\" width=\"560\" height=\"315\" frameborder=\"0\" allowfullscreen=\"allowfullscreen\"><\/iframe><\/p>\n<p>Tady je n\u00e1\u0161 dal\u0161\u00ed d\u00edl Lockdown Countdown: p\u00edse\u0148 z alba \u201eAs Long As You\u2019re Living\u201c, nejnov\u011bj\u0161\u00ed alba Tellinger &amp; Fresk. P\u00edse\u0148 je \u201eLep\u0161\u00ed ne\u017e cokoli\u201c a neexistuje lep\u0161\u00ed zp\u016fsob, jak za\u010d\u00edt sv\u016fj den.<\/p>\n<p><iframe loading=\"lazy\" src=\"https:\/\/www.youtube.com\/embed\/xkrCeRlVjrY\" width=\"560\" height=\"315\" frameborder=\"0\" allowfullscreen=\"allowfullscreen\"><\/iframe><\/p>\n<p>Dal\u0161\u00ed z m\u00fdch vlastn\u00edch skladeb, z na\u0161\u00ed s\u00e9rie Lockdown Countdown.<\/p>\n<p><iframe loading=\"lazy\" src=\"https:\/\/www.youtube.com\/embed\/vbZ6N38O47A\" width=\"560\" height=\"315\" frameborder=\"0\" allowfullscreen=\"allowfullscreen\"><\/iframe><\/p>\n<p>Lockdown Countdown pokra\u010duje baladou napsanou Irving Berlin v roce 1937, kterou jsme reinterpretovali.<\/p>\n<p><iframe loading=\"lazy\" src=\"https:\/\/www.youtube.com\/embed\/MKN6BmWnfR0\" width=\"560\" height=\"315\" frameborder=\"0\" allowfullscreen=\"allowfullscreen\"><\/iframe><\/p>\n<p>Tellinger &amp; Fresk d\u00e1vaj\u00ed dal\u0161\u00ed poctu mimo\u0159\u00e1dn\u00e9mu Irving Berl\u00edn v na\u0161em Lockdown Countdown. Toto je \u201eLet Yourself Go\u201c z filmu \u201eFollow the Fleet\u201c, z roku 1936.<\/p>\n<p><iframe loading=\"lazy\" src=\"https:\/\/www.youtube.com\/embed\/TAWlvpc1zkw\" width=\"560\" height=\"315\" frameborder=\"0\" allowfullscreen=\"allowfullscreen\"><\/iframe><\/p>\n<p>Skv\u011bl\u00e1 p\u00edse\u0148 Dean Friedman. Z na\u0161\u00ed s\u00e9rie Lockdown Countdown.<\/p>\n<p><iframe loading=\"lazy\" src=\"https:\/\/www.youtube.com\/embed\/XV0b1iR4b9o\" width=\"560\" height=\"315\" frameborder=\"0\" allowfullscreen=\"allowfullscreen\"><\/iframe><\/p>\n<p>A dne\u0161n\u00ed Lockdown Countdown p\u016fvodn\u011b zaznamenala Dinah Shore v roce 1950. Mysl\u00edme si, \u017ee jsme to ud\u011blali trochu l\u00e9pe.<\/p>\n<p><iframe loading=\"lazy\" src=\"https:\/\/www.youtube.com\/embed\/o_tulEk5ssE\" width=\"560\" height=\"315\" frameborder=\"0\" allowfullscreen=\"allowfullscreen\"><\/iframe><\/p>\n<p>Z na\u0161\u00ed s\u00e9rie Lockdown Countdown. V\u011bnov\u00e1no na\u0161im bl\u00edzk\u00fdm, rozpt\u00fdlen\u00fdm po cel\u00e9m sv\u011bt\u011b a neschopn\u00ed cestovat nebo se navz\u00e1jem vid\u011bt.<\/p>\n<p><iframe loading=\"lazy\" src=\"https:\/\/www.youtube.com\/embed\/V9GB9hdmV-Q\" width=\"560\" height=\"315\" frameborder=\"0\" allowfullscreen=\"allowfullscreen\"><\/iframe><\/p>\n<p>Dal\u0161\u00ed z m\u00fdch vlastn\u00edch p\u00edsn\u00ed a dal\u0161\u00ed den v uzam\u010den\u00ed. Inspirov\u00e1n m\u00fdmi lety na akademick\u00e9 p\u016fd\u011b a t\u00edm jedin\u00fdm profesorem ...<\/p>\n<p><iframe loading=\"lazy\" src=\"https:\/\/www.youtube.com\/embed\/fzgPIZzV5r0\" width=\"560\" height=\"315\" frameborder=\"0\" allowfullscreen=\"allowfullscreen\"><\/iframe><\/p>\n<p>Dne\u0161n\u00ed spl\u00e1tka odpo\u010d\u00edt\u00e1v\u00e1n\u00ed p\u0159i uzam\u010den\u00ed. Kr\u00e1sn\u00e1 p\u00edse\u0148 od Thelonius Monk.<\/p>\n<p><iframe loading=\"lazy\" src=\"https:\/\/www.youtube.com\/embed\/QyUZZQ7RYx4\" width=\"560\" height=\"315\" frameborder=\"0\" allowfullscreen=\"allowfullscreen\"><\/iframe><\/p>\n<p>A tady je na\u0161e nejnov\u011bj\u0161\u00ed denn\u00ed \u010d\u00e1st vide\u00ed Lockdown Countdown. Uzam\u010den\u00ed n\u00e1s o\u010dividn\u011b p\u0159iv\u00e1d\u00ed k \u0161\u00edlenstv\u00ed.\ud83d\ude02\ud83d\ude02\ud83d\ude02<\/p>\n<p><iframe loading=\"lazy\" src=\"https:\/\/www.youtube.com\/embed\/RfRgtoSDq6Q\" width=\"560\" height=\"315\" frameborder=\"0\" allowfullscreen=\"allowfullscreen\"><\/iframe><\/p>\n<p>Dne\u0161n\u00ed pokra\u010dov\u00e1n\u00ed Lockdown Countdown obsahuje baladu napsanou brilantn\u00ed kombinac\u00ed Hoagy Carmichael a Johnny Mercer.<\/p>\n<p><iframe loading=\"lazy\" src=\"https:\/\/www.youtube.com\/embed\/ckKwZ66mI6E\" width=\"560\" height=\"315\" frameborder=\"0\" allowfullscreen=\"allowfullscreen\"><\/iframe><\/p>\n<p>Lockdown Countdown pokra\u010duje dal\u0161\u00ed skv\u011blou, i kdy\u017e m\u00e9n\u011b zn\u00e1mou skladbou od Irving Berlin. Jedna z m\u00fdch nejobl\u00edben\u011bj\u0161\u00edch p\u00edsn\u00ed.<\/p>\n<p><iframe loading=\"lazy\" src=\"https:\/\/www.youtube.com\/embed\/Um6XQEfMQUI\" width=\"560\" height=\"315\" frameborder=\"0\" allowfullscreen=\"allowfullscreen\"><\/iframe><\/p>\n<p>Kv\u011bten 2020. Bl\u00ed\u017eili jsme se ke konci na\u0161ich nahr\u00e1vek Lockdown Countdown, proto\u017ee se zd\u00e1lo, \u017ee se \u010cesk\u00e1 republika postupn\u011b vrac\u00ed k norm\u00e1ln\u00edmu provozu. Bohu\u017eel to netrvalo dlouho. Zde je dal\u0161\u00ed balada, kterou napsal a nahr\u00e1l Bing Crosby v roce 1932.<\/p>\n<p><iframe loading=\"lazy\" src=\"https:\/\/www.youtube.com\/embed\/2N5u7sZjKU8\" width=\"560\" height=\"315\" frameborder=\"0\" allowfullscreen=\"allowfullscreen\"><\/iframe><\/p>\n<p class=\"translation-block\">Zde je posledn\u00ed d\u00edl na\u0161eho Lockdown Countdown \ud83d\ude42 Praha se vrac\u00ed do norm\u00e1ln\u00edho provozu a kluby se v pond\u011bl\u00ed znovu otev\u00edraj\u00ed! D\u00edky za ve\u0161kerou podporu! Uvid\u00edme se NA\u017dIVO a dejte n\u00e1m v\u011bd\u011bt, pokud pl\u00e1nujete v\u00fdlet do tohoto n\u00e1dhern\u00e9ho m\u011bsta. U\u017e\u00edvat si! <em> No, to bylo v kv\u011btnu 2020. V\u0161ichni v\u00edme, co se od t\u00e9 doby stalo. <\/em><\/p>\n<p><iframe loading=\"lazy\" src=\"https:\/\/www.youtube.com\/embed\/ZmuZ02B0pig\" width=\"560\" height=\"315\" frameborder=\"0\" allowfullscreen=\"allowfullscreen\"><\/iframe><\/p>\n<p>Toto bylo video od fanou\u0161ka. Nezachytilo to cel\u00e9 \u201eBye Bye Blackbird\u201c, ale rozhodn\u011b to zachytilo infek\u010dn\u00ed dr\u00e1\u017eku p\u00edsn\u011b. Red Tin Roof, Riebeek Kasteel, Ji\u017en\u00ed Afrika. 2017.<\/p>\n<p><iframe loading=\"lazy\" src=\"https:\/\/www.youtube.com\/embed\/6rdTybrF14U\" width=\"560\" height=\"315\" frameborder=\"0\" allowfullscreen=\"allowfullscreen\"><\/iframe><\/p>\n<p class=\"translation-block\">Dal\u0161\u00ed video od fanou\u0161ka. Studiov\u00e9 verze \u201eA Sleeping Bee\u201c s basy a bic\u00edmi najdete na nejnov\u011bj\u0161\u00edm albu Tellinger &amp; Fresk <em>As Long As You're Living<\/em>.<\/p>\n<p><iframe loading=\"lazy\" src=\"https:\/\/www.youtube.com\/embed\/XHuS7m9QE1Y\" width=\"560\" height=\"315\" frameborder=\"0\" allowfullscreen=\"allowfullscreen\"><\/iframe><\/p>\n<p>Zde jsou videa z alba \u201eDeuce\u201c od Tellinger &amp; Fresk, kter\u00e1 vy\u0161la v roku 2014.<\/p>\n<p><iframe loading=\"lazy\" src=\"https:\/\/www.youtube.com\/embed\/QYLf_Obw0iE\" width=\"560\" height=\"315\" frameborder=\"0\" allowfullscreen=\"allowfullscreen\"><\/iframe><\/p>\n<p><iframe loading=\"lazy\" src=\"https:\/\/www.youtube.com\/embed\/QIs-bzXn0sw\" width=\"560\" height=\"315\" frameborder=\"0\" allowfullscreen=\"allowfullscreen\"><\/iframe><\/p>\n<p>Zde je n\u011bkolik vide\u00ed \u017eiv\u00fdch vystoupen\u00ed v Musaion na University Pretoria.<\/p>\n<p><iframe loading=\"lazy\" src=\"https:\/\/www.youtube.com\/embed\/xbHJ5asIPmc\" width=\"560\" height=\"315\" frameborder=\"0\" allowfullscreen=\"allowfullscreen\"><\/iframe><\/p>\n<p><iframe loading=\"lazy\" src=\"https:\/\/www.youtube.com\/embed\/icy1DngpGnU\" width=\"560\" height=\"315\" frameborder=\"0\" allowfullscreen=\"allowfullscreen\"><\/iframe><\/p>\n<p>Uzamknut\u00fd transkontinent\u00e1ln\u00ed kousek spolupr\u00e1ce. Jonathan Taylor, star\u00fd p\u0159\u00edtel a kytarista, napsal z\u00e1kladn\u00ed skladbu a poslal n\u00e1m kytarovou stopu z Johannesburgu. S pomoc\u00ed p\u0159\u00edli\u0161 velk\u00e9ho mno\u017estv\u00ed v\u00edna jsem napsala melodii a slova a John nahr\u00e1l moje vok\u00e1ly a hr\u00e1l na basu a klav\u00edr. Video se skl\u00e1d\u00e1 z n\u011bkolika vybran\u00fdch cestovn\u00edch fotografi\u00ed z r\u016fzn\u00fdch m\u00edst, kter\u00e1 jsme nazvali dom\u016f. L\u00edb\u00ed se mi, jak to dopadlo.<\/p>\n<p><iframe loading=\"lazy\" src=\"https:\/\/www.youtube.com\/embed\/IYX0gDZOKq4\" width=\"560\" height=\"315\" frameborder=\"0\" allowfullscreen=\"allowfullscreen\"><\/iframe><\/p>\n<p>I&#8217;m featured on this TV program from SABC, singing You&#8217;re My World:<\/p>\n<p><iframe loading=\"lazy\" title=\"YouTube video player\" src=\"https:\/\/www.youtube.com\/embed\/vQwFeZIIl8Y\" width=\"560\" height=\"315\" frameborder=\"0\" allowfullscreen=\"allowfullscreen\"><\/iframe><\/p>\n<p>The early days. Myself, Steve Walsh and Lana Green on the All You Need Is Love show.<\/p>\n<p><iframe loading=\"lazy\" title=\"YouTube video player\" src=\"https:\/\/www.youtube.com\/embed\/uXk_13Ua1KU\" width=\"560\" height=\"315\" frameborder=\"0\" allowfullscreen=\"allowfullscreen\"><\/iframe><\/p>\n<p>I&#8217;m featured on a show on SABC, singing George Harrison&#8217;s wonderful composition.<\/p>\n<p><iframe loading=\"lazy\" title=\"YouTube video player\" src=\"https:\/\/www.youtube.com\/embed\/pxR0oQ2BVXA\" width=\"560\" height=\"315\" frameborder=\"0\" allowfullscreen=\"allowfullscreen\"><\/iframe><\/p>","protected":false},"excerpt":{"rendered":"<p>Here you will find videos from live performances, as well as the official videos that accompany some of the tracks on my CDs. Here is a fan video of our recent performance of 8 July, 2024 at Prague&#8217;s Jazz Dock. The song is &#8220;Let&#8217;s Face The Music and Dance,&#8221; from our &#8220;Between Berlin &amp; Bebop&#8221; [&hellip;]<\/p>","protected":false},"author":1,"featured_media":0,"parent":0,"menu_order":0,"comment_status":"open","ping_status":"open","template":"","meta":{"footnotes":""},"class_list":["post-222","page","type-page","status-publish","hentry"],"jetpack_sharing_enabled":true,"_links":{"self":[{"href":"https:\/\/barboratellinger.com\/cs\/wp-json\/wp\/v2\/pages\/222","targetHints":{"allow":["GET"]}}],"collection":[{"href":"https:\/\/barboratellinger.com\/cs\/wp-json\/wp\/v2\/pages"}],"about":[{"href":"https:\/\/barboratellinger.com\/cs\/wp-json\/wp\/v2\/types\/page"}],"author":[{"embeddable":true,"href":"https:\/\/barboratellinger.com\/cs\/wp-json\/wp\/v2\/users\/1"}],"replies":[{"embeddable":true,"href":"https:\/\/barboratellinger.com\/cs\/wp-json\/wp\/v2\/comments?post=222"}],"version-history":[{"count":6,"href":"https:\/\/barboratellinger.com\/cs\/wp-json\/wp\/v2\/pages\/222\/revisions"}],"predecessor-version":[{"id":7897,"href":"https:\/\/barboratellinger.com\/cs\/wp-json\/wp\/v2\/pages\/222\/revisions\/7897"}],"wp:attachment":[{"href":"https:\/\/barboratellinger.com\/cs\/wp-json\/wp\/v2\/media?parent=222"}],"curies":[{"name":"wp","href":"https:\/\/api.w.org\/{rel}","templated":true}]}}