{"id":11,"date":"2014-03-14T13:48:07","date_gmt":"2014-03-14T13:48:07","guid":{"rendered":"http:\/\/barboratellinger.com\/?page_id=7"},"modified":"2025-04-17T06:35:02","modified_gmt":"2025-04-17T05:35:02","slug":"bio","status":"publish","type":"page","link":"https:\/\/barboratellinger.com\/cs\/bio\/","title":{"rendered":"\u017eivotopis"},"content":{"rendered":"<p><img loading=\"lazy\" decoding=\"async\" class=\"size-medium wp-image-136 alignleft\" src=\"https:\/\/barboratellingertest.files.wordpress.com\/2014\/04\/tellinger.jpg?w=222\" alt=\"Tellinger\" width=\"222\" height=\"300\" \/>For over 30 years Barbora Tellinger has been a professional singer, composer, teacher, voice artist and actress throughout Southern Africa and central Europe, on stages and in studios, in musicals, cabaret, pop, rock and jazz bands.<\/p>\n<p>Jej\u00ed kari\u00e9ra za\u010dala v dnech protestn\u00edho divadla <em>Black Sun<\/em> v 80. letech v Johannesburgu, pro\u0161la revolu\u010dn\u00edm afrik\u00e1nsk\u00fdm hnut\u00edm <em>Voelvry<\/em> na slavn\u00e9 <em>No. 58<\/em> v Hillbrow, si u\u017eila mnoha spolupr\u00e1c\u00ed s n\u011bkter\u00fdmi z nejlep\u0161\u00edch hudebn\u00edk\u016f v zemi a od roku 2005 se zam\u011b\u0159uje na jazz a vzd\u011bl\u00e1v\u00e1n\u00ed.<\/p>\n<p>Vystupovala na p\u00f3di\u00edch od Kapsk\u00e9ho M\u011bsta do Windhoek, Divadlo Joburg, St\u00e1tn\u00ed divadlo, stadion Ellis Park, Sun City Superbowl a jazzov\u00e9 kluby po cel\u00e9 \u010cesk\u00e9 republice.<\/p>\n<p>Bylo by to rychlej\u0161\u00ed pojmenovat hudebn\u00edky, se kter\u00fdmi nepracovala, a sn\u00e1ze pojmenovat studia, ve kter\u00fdch nepracovala.<\/p>\n<p>Krom\u011b mnoha nahr\u00e1vek s jin\u00fdmi um\u011blci zahrnuj\u00ed osobn\u00ed studiov\u00e9 projekty i s\u00f3lov\u00e9 album - <em>Barbie and the Dolls, BLOMKRAG<\/em> \u2013 Boere Country, a dv\u011b alba <em>Deep Fine\u00a0Leg,<\/em> skupina akustick\u00e9 harmonie.<\/p>\n<p>T\u0159i roky p\u016fsobila jako lektorka jazzov\u00e9ho vok\u00e1lu na hudebn\u00ed \u0161kole Tshwane Technologick\u00e1 Univerzita a od roku 2008 do roku 2016 vedla divizi jazzov\u00e9ho sp\u011bvu na University of Pretoria.<\/p>\n<p>Respektovan\u00e1 zp\u011bva\u010dka a u\u010ditelka sp\u011bvu, jej\u00ed nekomplikovan\u00e1 vok\u00e1ln\u00ed technika byla p\u0159ijata mnoha profesion\u00e1ly a u\u010diteli po cel\u00e9 ji\u017en\u00ed Africe i mimo ni. Jej\u00ed v\u00e1\u0161e\u0148 pro jazz z n\u00ed ud\u011blala efektivn\u00ed u\u010ditelku s n\u011bkolika \u00fasp\u011b\u0161n\u00fdmi absolventy jazzu, kte\u0159\u00ed nyn\u00ed pracuj\u00ed v hudebn\u00edm pr\u016fmyslu. Vycvi\u010dila tak\u00e9 \u0159adu nahr\u00e1vac\u00edch a divadeln\u00edch um\u011blc\u016f.<\/p>\n<p>V roce 2012 vydala album - <em>Live at the Musaion, a Jazz Recital.<\/em> Spolupr\u00e1ce s n\u011bkter\u00fdmi velik\u00e1ny - John Fresk, Marc Duby, Rob Watson - upevnila jej\u00ed reputaci impozantn\u00ed s\u00edly v jihoafrick\u00e9 jazzov\u00e9 ar\u00e9n\u011b.<\/p>\n<p>N\u00e1sleduj\u00edc\u00ed rok j\u00ed p\u0159inesl dal\u0161\u00ed album - <em>Jazz, Live 2012. <\/em>V roce 2014 dokon\u010dila studiov\u00e9 album s pianistou Johnem Freskem. <em>Tellinger &amp; Fresk, DEUCE,<\/em> je k dispozici na v\u0161ech internetov\u00fdch platform\u00e1ch.<\/p>\n<p class=\"translation-block\">P\u0159ed odjezdem z Ji\u017en\u00ed Afriky <em>Tellinger &amp; Fresk<\/em> nahr\u00e1li <em>As Long As You\u2019re Living<\/em>, spole\u010dn\u011b sv\u00e9 4. album, na kter\u00e9m se p\u0159edstavili profesor Marc Duby a Godfrey Mgcina.<\/p>\n<p>For seven years<em> Tellinger &amp; Fresk<\/em> lived in Prague and played throughout central Europe with some of the finest musicians the continent has to offer. Their 2025 return to the South African countryside has provided a welcome change and several new projects and challenges.<\/p>\n<p>Barbora Tellinger now lives in the historic town of Waterval Boven\/Emgwenya in the magnificent province of Mpumalanga and its breathtaking landscape.<\/p>","protected":false},"excerpt":{"rendered":"<p>For over 30 years Barbora Tellinger has been a professional singer, composer, teacher, voice artist and actress throughout Southern Africa and central Europe, on stages and in studios, in musicals, cabaret, pop, rock and jazz bands. Her career began in the protest theatre days of the Black Sun in 1980&#8217;s Johannesburg, moved through the revolutionary [&hellip;]<\/p>","protected":false},"author":1,"featured_media":0,"parent":0,"menu_order":0,"comment_status":"open","ping_status":"open","template":"","meta":{"footnotes":""},"class_list":["post-11","page","type-page","status-publish","hentry"],"jetpack_sharing_enabled":true,"_links":{"self":[{"href":"https:\/\/barboratellinger.com\/cs\/wp-json\/wp\/v2\/pages\/11","targetHints":{"allow":["GET"]}}],"collection":[{"href":"https:\/\/barboratellinger.com\/cs\/wp-json\/wp\/v2\/pages"}],"about":[{"href":"https:\/\/barboratellinger.com\/cs\/wp-json\/wp\/v2\/types\/page"}],"author":[{"embeddable":true,"href":"https:\/\/barboratellinger.com\/cs\/wp-json\/wp\/v2\/users\/1"}],"replies":[{"embeddable":true,"href":"https:\/\/barboratellinger.com\/cs\/wp-json\/wp\/v2\/comments?post=11"}],"version-history":[{"count":2,"href":"https:\/\/barboratellinger.com\/cs\/wp-json\/wp\/v2\/pages\/11\/revisions"}],"predecessor-version":[{"id":7942,"href":"https:\/\/barboratellinger.com\/cs\/wp-json\/wp\/v2\/pages\/11\/revisions\/7942"}],"wp:attachment":[{"href":"https:\/\/barboratellinger.com\/cs\/wp-json\/wp\/v2\/media?parent=11"}],"curies":[{"name":"wp","href":"https:\/\/api.w.org\/{rel}","templated":true}]}}